{"id":849,"date":"2025-11-14T19:08:30","date_gmt":"2025-11-14T19:08:30","guid":{"rendered":"https:\/\/www.mundilibros.cl\/web\/?post_type=product&#038;p=849"},"modified":"2025-11-14T19:09:36","modified_gmt":"2025-11-14T19:09:36","slug":"novelas-completas-jane-austen","status":"publish","type":"product","link":"https:\/\/www.mundilibros.cl\/web\/producto\/novelas-completas-jane-austen\/","title":{"rendered":"NOVELAS COMPLETAS JANE AUSTEN"},"content":{"rendered":"<p>La autora inglesa Jane Austen (1775-1817) es una de las voces m\u00e1s reconocidas de la literatura de habla inglesa, y quiz\u00e1s de la literatura universal. Sus obras fueron consideradas adelantadas a su tiempo por la forma de abordar temas como la percepci\u00f3n del rol de la mujer en la Inglaterra de transici\u00f3n entre los siglos XVIII y XIX, el matrimonio como instrumento de control social y el hermetismo y sectarismo de la alta sociedad inglesa. Siempre con una saludable dosis de humor e iron\u00eda, Austen escribi\u00f3 sobre temas complejos sin perder nunca de vista el entretenimiento que una historia interesante le pod\u00eda brindar a sus lectores.<\/p>\n<p>Este volumen recoge sus novelas completadas en vida:\u00a0<em>Sentido y Sensibilidad\u00a0<\/em>(1811),\u00a0<em>Orgullo y Prejuicio\u00a0<\/em>(1813),\u00a0<em>Mansfield Park\u00a0<\/em>(1814),\u00a0<em>Emma\u00a0<\/em>(1815),\u00a0<em>La Abad\u00eda de Northanger\u00a0<\/em>(1818),\u00a0<em>Persuasi\u00f3n\u00a0<\/em>(1818) y\u00a0<em>Lady Susan\u00a0<\/em>(1871), aunque estas tres \u00faltimas fueron publicadas de manera p\u00f3stuma, gracias a la creciente fama de la autora despu\u00e9s de su temprana muerte.<\/p>\n<p><strong>\u00a0<\/strong><\/p>\n","protected":false},"excerpt":{"rendered":"<p>La autora inglesa Jane Austen (1775-1817) es una de las voces m\u00e1s reconocidas de la literatura de habla inglesa, y quiz\u00e1s de la literatura universal. Sus<span class=\"excerpt-hellip\"> [\u2026]<\/span><\/p>\n","protected":false},"featured_media":891,"comment_status":"closed","ping_status":"closed","template":"","meta":[],"product_brand":[],"product_cat":[110],"product_tag":[],"class_list":{"0":"post-849","1":"product","2":"type-product","3":"status-publish","4":"has-post-thumbnail","6":"product_cat-clasicos","8":"first","9":"instock","10":"taxable","11":"shipping-taxable","12":"purchasable","13":"product-type-simple"},"_links":{"self":[{"href":"https:\/\/www.mundilibros.cl\/web\/wp-json\/wp\/v2\/product\/849","targetHints":{"allow":["GET"]}}],"collection":[{"href":"https:\/\/www.mundilibros.cl\/web\/wp-json\/wp\/v2\/product"}],"about":[{"href":"https:\/\/www.mundilibros.cl\/web\/wp-json\/wp\/v2\/types\/product"}],"replies":[{"embeddable":true,"href":"https:\/\/www.mundilibros.cl\/web\/wp-json\/wp\/v2\/comments?post=849"}],"wp:featuredmedia":[{"embeddable":true,"href":"https:\/\/www.mundilibros.cl\/web\/wp-json\/wp\/v2\/media\/891"}],"wp:attachment":[{"href":"https:\/\/www.mundilibros.cl\/web\/wp-json\/wp\/v2\/media?parent=849"}],"wp:term":[{"taxonomy":"product_brand","embeddable":true,"href":"https:\/\/www.mundilibros.cl\/web\/wp-json\/wp\/v2\/product_brand?post=849"},{"taxonomy":"product_cat","embeddable":true,"href":"https:\/\/www.mundilibros.cl\/web\/wp-json\/wp\/v2\/product_cat?post=849"},{"taxonomy":"product_tag","embeddable":true,"href":"https:\/\/www.mundilibros.cl\/web\/wp-json\/wp\/v2\/product_tag?post=849"}],"curies":[{"name":"wp","href":"https:\/\/api.w.org\/{rel}","templated":true}]}}