{"id":853,"date":"2025-11-14T19:08:30","date_gmt":"2025-11-14T19:08:30","guid":{"rendered":"https:\/\/www.mundilibros.cl\/web\/?post_type=product&#038;p=853"},"modified":"2025-11-14T19:09:56","modified_gmt":"2025-11-14T19:09:56","slug":"el-hobbit","status":"publish","type":"product","link":"https:\/\/www.mundilibros.cl\/web\/producto\/el-hobbit\/","title":{"rendered":"EL HOBBIT"},"content":{"rendered":"<p>Un gran cl\u00e1sico moderno y el preludio a las vastas y poderosas mitolog\u00edas de El Se\u00f1or de Los Anillos.. Cuando alrededor de 1930, J. R. R. Tolkien comenz\u00f3 a escribir El hobbit, hac\u00eda ya diez a\u00f1os que trabajaba en el vasto panorama mitol\u00f3gico de El Libro de los Relatos, que m\u00e1s tarde se llamar\u00eda El Silmarillion. As\u00ed como esas cr\u00f3nicas tempranas narraban los mitos inmemoriales de la Primera y Segunda Edad, Tolkien pronto advirti\u00f3 que El hobbit iba orden\u00e1ndose de alg\u00fan modo como un relato de la Tercera Edad (Gandalf habla del Nigromante en las primeras p\u00e1ginas), aunque las inesperadas aventuras de un pac\u00edfico hombre del campo no parecieran tener mucha relaci\u00f3n con las vastas y oscuras mitolog\u00edas de la Tierra Media. El estilo directo y lineal, con alusiones (que el autor deplor\u00f3 m\u00e1s tarde) a un p\u00fablico infantil, no impide la poderosa irrupci\u00f3n &#8212; unas pocas veces en t\u00e9rminos de comedia &#8212; de los grandes temas tolkienianos (el poder, la codicia, la guerra, la muerte) que reaparecer\u00edan en una dimensi\u00f3n a menudo obviamente \u00e9pica en El Se\u00f1or de los Anillos.<br \/>\nTodos los que aman esos libros para ni\u00f1os que pueden ser le\u00eddos y rele\u00eddos por adultos&#8211; escribi\u00f3 C. S. Lewis a prop\u00f3sito de la aparici\u00f3n de The Hobbit en 1937&#8211; han de tomar buena cuenta que una nueva estrella ha aparecido en esa constelaci\u00f3n. Para el ojo entrenado algunos de los caracteres han de parecer casi mitopoieicos.<br \/>\nUno de los libros m\u00e1s influyentes de nuestro tiempo&#8230; Una impecable obra maestra. &#8212; The Times<br \/>\nUna saga espl\u00e9ndidamente escrita de enanos y elfos, duendes y trasgos terribles&#8230; una excitante \u00e9pica de viajes y aventuras m\u00e1gicas que alcanza al fin un cl\u00edmax devastador.&#8211;The ObserverDatos del libro<\/p>\n","protected":false},"excerpt":{"rendered":"<p>Un gran cl\u00e1sico moderno y el preludio a las vastas y poderosas mitolog\u00edas de El Se\u00f1or de Los Anillos.. Cuando alrededor de 1930, J. R. R.<span class=\"excerpt-hellip\"> [\u2026]<\/span><\/p>\n","protected":false},"featured_media":911,"comment_status":"closed","ping_status":"closed","template":"","meta":[],"product_brand":[],"product_cat":[65],"product_tag":[],"class_list":{"0":"post-853","1":"product","2":"type-product","3":"status-publish","4":"has-post-thumbnail","6":"product_cat-narrativa-fantastica","8":"first","9":"outofstock","10":"taxable","11":"shipping-taxable","12":"purchasable","13":"product-type-simple"},"_links":{"self":[{"href":"https:\/\/www.mundilibros.cl\/web\/wp-json\/wp\/v2\/product\/853","targetHints":{"allow":["GET"]}}],"collection":[{"href":"https:\/\/www.mundilibros.cl\/web\/wp-json\/wp\/v2\/product"}],"about":[{"href":"https:\/\/www.mundilibros.cl\/web\/wp-json\/wp\/v2\/types\/product"}],"replies":[{"embeddable":true,"href":"https:\/\/www.mundilibros.cl\/web\/wp-json\/wp\/v2\/comments?post=853"}],"wp:featuredmedia":[{"embeddable":true,"href":"https:\/\/www.mundilibros.cl\/web\/wp-json\/wp\/v2\/media\/911"}],"wp:attachment":[{"href":"https:\/\/www.mundilibros.cl\/web\/wp-json\/wp\/v2\/media?parent=853"}],"wp:term":[{"taxonomy":"product_brand","embeddable":true,"href":"https:\/\/www.mundilibros.cl\/web\/wp-json\/wp\/v2\/product_brand?post=853"},{"taxonomy":"product_cat","embeddable":true,"href":"https:\/\/www.mundilibros.cl\/web\/wp-json\/wp\/v2\/product_cat?post=853"},{"taxonomy":"product_tag","embeddable":true,"href":"https:\/\/www.mundilibros.cl\/web\/wp-json\/wp\/v2\/product_tag?post=853"}],"curies":[{"name":"wp","href":"https:\/\/api.w.org\/{rel}","templated":true}]}}