{"id":868,"date":"2025-11-14T19:08:51","date_gmt":"2025-11-14T19:08:51","guid":{"rendered":"https:\/\/www.mundilibros.cl\/web\/?post_type=product&#038;p=868"},"modified":"2025-11-14T19:10:00","modified_gmt":"2025-11-14T19:10:00","slug":"el-duque-y-yo-bridgerton-1","status":"publish","type":"product","link":"https:\/\/www.mundilibros.cl\/web\/producto\/el-duque-y-yo-bridgerton-1\/","title":{"rendered":"EL DUQUE Y YO (BRIDGERTON 1)"},"content":{"rendered":"<p>Todos parec\u00edan divertirse en aquel baile que reun\u00eda a lo m\u00e1s selecto de la sociedad londinense. Todos, excepto ellos dos. Daphne, una hermosa joven agobiada por su madre, y Simon, el hura\u00f1o nuevo duque de Hastings, ten\u00edan el mismo problema: la continua presi\u00f3n para que encontraran pareja. Al conocerse, se les ocurri\u00f3 el plan perfecto: fingir un compromiso que los liberara de m\u00e1s agobios. Pero no ser\u00eda sencillo, ya que el hermano de Daphne, amigo de Simon, no es f\u00e1cil de enga\u00f1ar, ni tampoco lo son las avezadas damas de la alta sociedad. Aunque lo que complicar\u00e1 de verdad las cosas ser\u00e1 la aparici\u00f3n de un elemento que no estaba previsto en este juego a dos bandas: el amor.<\/p>\n","protected":false},"excerpt":{"rendered":"<p><strong>IDEARON UN PLAN PERFECTO EN EL QUE EL AMOR NO TEN\u00cdA CABIDA&#8230;<\/strong><\/p>\n","protected":false},"featured_media":913,"comment_status":"closed","ping_status":"closed","template":"","meta":[],"product_brand":[],"product_cat":[26],"product_tag":[],"class_list":{"0":"post-868","1":"product","2":"type-product","3":"status-publish","4":"has-post-thumbnail","6":"product_cat-romanticas","8":"first","9":"outofstock","10":"sale","11":"taxable","12":"shipping-taxable","13":"purchasable","14":"product-type-simple"},"_links":{"self":[{"href":"https:\/\/www.mundilibros.cl\/web\/wp-json\/wp\/v2\/product\/868","targetHints":{"allow":["GET"]}}],"collection":[{"href":"https:\/\/www.mundilibros.cl\/web\/wp-json\/wp\/v2\/product"}],"about":[{"href":"https:\/\/www.mundilibros.cl\/web\/wp-json\/wp\/v2\/types\/product"}],"replies":[{"embeddable":true,"href":"https:\/\/www.mundilibros.cl\/web\/wp-json\/wp\/v2\/comments?post=868"}],"wp:featuredmedia":[{"embeddable":true,"href":"https:\/\/www.mundilibros.cl\/web\/wp-json\/wp\/v2\/media\/913"}],"wp:attachment":[{"href":"https:\/\/www.mundilibros.cl\/web\/wp-json\/wp\/v2\/media?parent=868"}],"wp:term":[{"taxonomy":"product_brand","embeddable":true,"href":"https:\/\/www.mundilibros.cl\/web\/wp-json\/wp\/v2\/product_brand?post=868"},{"taxonomy":"product_cat","embeddable":true,"href":"https:\/\/www.mundilibros.cl\/web\/wp-json\/wp\/v2\/product_cat?post=868"},{"taxonomy":"product_tag","embeddable":true,"href":"https:\/\/www.mundilibros.cl\/web\/wp-json\/wp\/v2\/product_tag?post=868"}],"curies":[{"name":"wp","href":"https:\/\/api.w.org\/{rel}","templated":true}]}}