{"id":877,"date":"2025-11-14T19:08:52","date_gmt":"2025-11-14T19:08:52","guid":{"rendered":"https:\/\/www.mundilibros.cl\/web\/?post_type=product&#038;p=877"},"modified":"2025-11-14T19:10:15","modified_gmt":"2025-11-14T19:10:15","slug":"la-vida-invisible-de-addie-larue","status":"publish","type":"product","link":"https:\/\/www.mundilibros.cl\/web\/producto\/la-vida-invisible-de-addie-larue\/","title":{"rendered":"LA VIDA INVISIBLE DE ADDIE LARUE"},"content":{"rendered":"<p>Una vida que nadie recuerda.Una historia que nunca olvidar\u00e1s.Tras hacer un pacto con el diablo, Addie entrega su alma a cambio de la inmortalidad. Sin embargo, ning\u00fan trato faustiano est\u00e1 exento de consecuencias: el diablo le entregar\u00e1 la inmortalidad que tanto desea, pero le quitar\u00e1 algo que ella anhelar\u00e1 durante toda su existencia: la posibilidad de ser recordada.Addie abandona su peque\u00f1o pueblo natal en la Francia del siglo xviii y comienza un viaje que la lleva por todo el mundo, mientras aprende a vivir una vida en la que nadie la recuerda y todo lo que posee acaba perdido o roto. Durante trescientos a\u00f1os, Addie LaRue no ser\u00e1 m\u00e1s que la musa de numerosos artistas a lo largo de la historia, y tendr\u00e1 que aprender a enamorarse de nuevo cada d\u00eda, y a ser olvidada a la ma\u00f1ana siguiente.Su \u00fanico compa\u00f1ero en este viaje es su oscuro demonio de hipn\u00f3ticos ojos verdes, quien la visita cada a\u00f1o en el d\u00eda del aniversario de su trato. Completamente sola, a Addie no le queda m\u00e1s remedio que enfrentarse a \u00e9l, comprenderlo y, tal vez, ganarle la partida.Pero un d\u00eda, en una librer\u00eda de segunda mano de Manhattan, Addie conoce a alguien que pone su mundo del rev\u00e9s&#8230; Por primera vez, alguien la recuerda.\u00bfSer\u00e1 este el punto final de la vida de Addie LaRue? \u00bfO tan solo ser\u00e1n puntos suspensivos?<\/p>\n<p>&nbsp;<\/p>\n","protected":false},"excerpt":{"rendered":"<h3>Tras hacer un pacto con el diablo, Addie entrega su alma a cambio de la inmortalidad; sin embargo, ning\u00fan trato faustiano est\u00e1 exento de consecuencias<\/h3>\n","protected":false},"featured_media":927,"comment_status":"closed","ping_status":"closed","template":"","meta":[],"product_brand":[],"product_cat":[237],"product_tag":[],"class_list":{"0":"post-877","1":"product","2":"type-product","3":"status-publish","4":"has-post-thumbnail","6":"product_cat-ciencia-ficcion","8":"first","9":"outofstock","10":"sale","11":"taxable","12":"shipping-taxable","13":"purchasable","14":"product-type-simple"},"_links":{"self":[{"href":"https:\/\/www.mundilibros.cl\/web\/wp-json\/wp\/v2\/product\/877","targetHints":{"allow":["GET"]}}],"collection":[{"href":"https:\/\/www.mundilibros.cl\/web\/wp-json\/wp\/v2\/product"}],"about":[{"href":"https:\/\/www.mundilibros.cl\/web\/wp-json\/wp\/v2\/types\/product"}],"replies":[{"embeddable":true,"href":"https:\/\/www.mundilibros.cl\/web\/wp-json\/wp\/v2\/comments?post=877"}],"wp:featuredmedia":[{"embeddable":true,"href":"https:\/\/www.mundilibros.cl\/web\/wp-json\/wp\/v2\/media\/927"}],"wp:attachment":[{"href":"https:\/\/www.mundilibros.cl\/web\/wp-json\/wp\/v2\/media?parent=877"}],"wp:term":[{"taxonomy":"product_brand","embeddable":true,"href":"https:\/\/www.mundilibros.cl\/web\/wp-json\/wp\/v2\/product_brand?post=877"},{"taxonomy":"product_cat","embeddable":true,"href":"https:\/\/www.mundilibros.cl\/web\/wp-json\/wp\/v2\/product_cat?post=877"},{"taxonomy":"product_tag","embeddable":true,"href":"https:\/\/www.mundilibros.cl\/web\/wp-json\/wp\/v2\/product_tag?post=877"}],"curies":[{"name":"wp","href":"https:\/\/api.w.org\/{rel}","templated":true}]}}