{"id":895,"date":"2025-11-14T19:09:39","date_gmt":"2025-11-14T19:09:39","guid":{"rendered":"https:\/\/www.mundilibros.cl\/web\/?post_type=product&#038;p=895"},"modified":"2025-11-14T19:10:23","modified_gmt":"2025-11-14T19:10:23","slug":"viaje-a-la-luna","status":"publish","type":"product","link":"https:\/\/www.mundilibros.cl\/web\/producto\/viaje-a-la-luna\/","title":{"rendered":"VIAJE A LA LUNA"},"content":{"rendered":"<p>Ilustraciones: Mar\u00eda Jos\u00e9 Olavarr\u00eda, chilena<\/p>\n<p>Dos ni\u00f1os, que provienen de mundos sociales distintos, comparten un sue\u00f1o en com\u00fan: llegar a la Luna. Por un lado, uno prepara la nave espacial; y por el otro, un ni\u00f1o prepara su telescopio. Este cuento plantea la complejidad de las diferencias sociales, pero entrega, gracias a la mirada transparente y libre de prejuicios de los ni\u00f1os, una sincera historia de amistad y de integraci\u00f3n.<\/p>\n","protected":false},"excerpt":{"rendered":"<p>Ilustraciones: Mar\u00eda Jos\u00e9 Olavarr\u00eda, chilena Dos ni\u00f1os, que provienen de mundos sociales distintos, comparten un sue\u00f1o en com\u00fan: llegar a la Luna. Por un lado, uno<span class=\"excerpt-hellip\"> [\u2026]<\/span><\/p>\n","protected":false},"featured_media":931,"comment_status":"closed","ping_status":"closed","template":"","meta":[],"product_brand":[],"product_cat":[88],"product_tag":[],"class_list":{"0":"post-895","1":"product","2":"type-product","3":"status-publish","4":"has-post-thumbnail","6":"product_cat-textos-escolares","8":"first","9":"outofstock","10":"sale","11":"taxable","12":"shipping-taxable","13":"purchasable","14":"product-type-simple"},"_links":{"self":[{"href":"https:\/\/www.mundilibros.cl\/web\/wp-json\/wp\/v2\/product\/895","targetHints":{"allow":["GET"]}}],"collection":[{"href":"https:\/\/www.mundilibros.cl\/web\/wp-json\/wp\/v2\/product"}],"about":[{"href":"https:\/\/www.mundilibros.cl\/web\/wp-json\/wp\/v2\/types\/product"}],"replies":[{"embeddable":true,"href":"https:\/\/www.mundilibros.cl\/web\/wp-json\/wp\/v2\/comments?post=895"}],"wp:featuredmedia":[{"embeddable":true,"href":"https:\/\/www.mundilibros.cl\/web\/wp-json\/wp\/v2\/media\/931"}],"wp:attachment":[{"href":"https:\/\/www.mundilibros.cl\/web\/wp-json\/wp\/v2\/media?parent=895"}],"wp:term":[{"taxonomy":"product_brand","embeddable":true,"href":"https:\/\/www.mundilibros.cl\/web\/wp-json\/wp\/v2\/product_brand?post=895"},{"taxonomy":"product_cat","embeddable":true,"href":"https:\/\/www.mundilibros.cl\/web\/wp-json\/wp\/v2\/product_cat?post=895"},{"taxonomy":"product_tag","embeddable":true,"href":"https:\/\/www.mundilibros.cl\/web\/wp-json\/wp\/v2\/product_tag?post=895"}],"curies":[{"name":"wp","href":"https:\/\/api.w.org\/{rel}","templated":true}]}}