{"id":897,"date":"2025-11-14T19:09:39","date_gmt":"2025-11-14T19:09:39","guid":{"rendered":"https:\/\/www.mundilibros.cl\/web\/?post_type=product&#038;p=897"},"modified":"2026-03-17T20:38:44","modified_gmt":"2026-03-17T20:38:44","slug":"asesino-de-brujas-1-la-bruja-blanca","status":"publish","type":"product","link":"https:\/\/www.mundilibros.cl\/web\/producto\/asesino-de-brujas-1-la-bruja-blanca\/","title":{"rendered":"ASESINO DE BRUJAS #1 LA BRUJA BLANCA"},"content":{"rendered":"<p>Un debut brillante, lleno de todo lo que me gusta: una hero\u00edna vibrante y completamente realizada, un sistema de magia intrincado y letal y un romance ardiente que me mantuvo en vilo toda la noche. Asesino de brujas: la bruja blanca es sin duda una joya.\u00bb -Sarah J. Maas, autora de la saga Una corte de espinas y rosas, best seller del New York Times.Unidos como uno para amarse, para honrarse o para arder. Dos a\u00f1os atr\u00e1s, Louise le Blanc huy\u00f3 de su aquelarre y se refugi\u00f3 en la ciudad de Cesarine, donde renunci\u00f3 a la magia para vivir de lo que pudiera robar. All\u00ed, cazan a brujas como Lou. Les temen. Y las queman.Como cazador de la Iglesia, Reid Diggory ha vivido su vida bajo una regla: \u00abNo permitir\u00e1s que ninguna bruja viva\u00bb. Pero cuando Lou realiza una gran artima\u00f1a, tanto ella como Reid se ven obligados a aceptar una situaci\u00f3n impensada: el matrimonio. Lou, incapaz de ignorar sus sentimientos que son cada vez m\u00e1s fuertes, pero sin poder cambiar qui\u00e9n es, Lou debe elegir.Asesino de brujas: la bruja blanca se desarrolla en un mundo de mujeres empoderadas, magia oscura y donde los romances son fuera de serie. Cuando lo termines de leer, querr\u00e1s m\u00e1s.<\/p>\n","protected":false},"excerpt":{"rendered":"<p>Un debut brillante, lleno de todo lo que me gusta: una hero\u00edna vibrante y completamente realizada, un sistema de magia intrincado y letal y un romance<span class=\"excerpt-hellip\"> [\u2026]<\/span><\/p>\n","protected":false},"featured_media":947,"comment_status":"closed","ping_status":"closed","template":"","meta":[],"product_brand":[],"product_cat":[58],"product_tag":[],"class_list":{"0":"post-897","1":"product","2":"type-product","3":"status-publish","4":"has-post-thumbnail","6":"product_cat-juvenil","8":"first","9":"outofstock","10":"taxable","11":"shipping-taxable","12":"purchasable","13":"product-type-simple"},"_links":{"self":[{"href":"https:\/\/www.mundilibros.cl\/web\/wp-json\/wp\/v2\/product\/897","targetHints":{"allow":["GET"]}}],"collection":[{"href":"https:\/\/www.mundilibros.cl\/web\/wp-json\/wp\/v2\/product"}],"about":[{"href":"https:\/\/www.mundilibros.cl\/web\/wp-json\/wp\/v2\/types\/product"}],"replies":[{"embeddable":true,"href":"https:\/\/www.mundilibros.cl\/web\/wp-json\/wp\/v2\/comments?post=897"}],"wp:featuredmedia":[{"embeddable":true,"href":"https:\/\/www.mundilibros.cl\/web\/wp-json\/wp\/v2\/media\/947"}],"wp:attachment":[{"href":"https:\/\/www.mundilibros.cl\/web\/wp-json\/wp\/v2\/media?parent=897"}],"wp:term":[{"taxonomy":"product_brand","embeddable":true,"href":"https:\/\/www.mundilibros.cl\/web\/wp-json\/wp\/v2\/product_brand?post=897"},{"taxonomy":"product_cat","embeddable":true,"href":"https:\/\/www.mundilibros.cl\/web\/wp-json\/wp\/v2\/product_cat?post=897"},{"taxonomy":"product_tag","embeddable":true,"href":"https:\/\/www.mundilibros.cl\/web\/wp-json\/wp\/v2\/product_tag?post=897"}],"curies":[{"name":"wp","href":"https:\/\/api.w.org\/{rel}","templated":true}]}}