{"id":898,"date":"2025-11-14T19:09:39","date_gmt":"2025-11-14T19:09:39","guid":{"rendered":"https:\/\/www.mundilibros.cl\/web\/?post_type=product&#038;p=898"},"modified":"2025-11-14T19:10:44","modified_gmt":"2025-11-14T19:10:44","slug":"los-siete-maridos-de-evelyn-hugo","status":"publish","type":"product","link":"https:\/\/www.mundilibros.cl\/web\/producto\/los-siete-maridos-de-evelyn-hugo\/","title":{"rendered":"LOS SIETE MARIDOS DE EVELYN HUGO"},"content":{"rendered":"<p>Evelyn Hugo, el \u00edcono de Hollywood que se ha recluido en su edad madura, decide al fin contar la verdad sobre su vida llena de glamour y de esc\u00e1ndalos. Pero cuando elige para ello a Monique Grant, una periodista desconocida, nadie se sorprende m\u00e1s que la misma Monique. \u00bfPor qu\u00e9 ella? \u00bfPor qu\u00e9 ahora? Monique no est\u00e1 precisamente en su mejor momento. Su marido la abandon\u00f3, y su vida profesional no avanza. Aun ignorando por qu\u00e9 Evelyn la ha elegido para escribir su biograf\u00eda, Monique est\u00e1 decidida a aprovechar esa oportunidad para dar impulso a su carrera.Convocada al lujoso apartamento de Evelyn, Monique escucha fascinada mientras la actriz le cuenta su historia. Desde su llegada a Los \u00c1ngeles en los a\u00f1os 50 hasta su decisi\u00f3n de abandonar su carrera en el espect\u00e1culo en los 80 \u0097y, desde luego, los siete maridos que tuvo en ese tiempo\u0097 Evelyn narra una historia de ambici\u00f3n implacable, amistad inesperada, y un gran amor prohibido. Monique empieza a sentir una conexi\u00f3n muy real con la actriz legendaria, pero cuando el relato de Evelyn se acerca a su fin, resulta evidente que su vida se cruza con la de Monique de un modo tr\u00e1gico e irreversible. \u00abFascinante, desgarradora y llena del glamour de la Vieja Hollywood, Los siete maridos de Evelyn Hugo es una de las novelas m\u00e1s cautivantes<\/p>\n","protected":false},"excerpt":{"rendered":"<p>Evelyn Hugo, el \u00edcono de Hollywood que se ha recluido en su edad madura, decide al fin contar la verdad sobre su vida llena de glamour<span class=\"excerpt-hellip\"> [\u2026]<\/span><\/p>\n","protected":false},"featured_media":948,"comment_status":"closed","ping_status":"closed","template":"","meta":[],"product_brand":[],"product_cat":[25],"product_tag":[],"class_list":{"0":"post-898","1":"product","2":"type-product","3":"status-publish","4":"has-post-thumbnail","6":"product_cat-novelas","8":"first","9":"outofstock","10":"sale","11":"taxable","12":"shipping-taxable","13":"purchasable","14":"product-type-simple"},"_links":{"self":[{"href":"https:\/\/www.mundilibros.cl\/web\/wp-json\/wp\/v2\/product\/898","targetHints":{"allow":["GET"]}}],"collection":[{"href":"https:\/\/www.mundilibros.cl\/web\/wp-json\/wp\/v2\/product"}],"about":[{"href":"https:\/\/www.mundilibros.cl\/web\/wp-json\/wp\/v2\/types\/product"}],"replies":[{"embeddable":true,"href":"https:\/\/www.mundilibros.cl\/web\/wp-json\/wp\/v2\/comments?post=898"}],"wp:featuredmedia":[{"embeddable":true,"href":"https:\/\/www.mundilibros.cl\/web\/wp-json\/wp\/v2\/media\/948"}],"wp:attachment":[{"href":"https:\/\/www.mundilibros.cl\/web\/wp-json\/wp\/v2\/media?parent=898"}],"wp:term":[{"taxonomy":"product_brand","embeddable":true,"href":"https:\/\/www.mundilibros.cl\/web\/wp-json\/wp\/v2\/product_brand?post=898"},{"taxonomy":"product_cat","embeddable":true,"href":"https:\/\/www.mundilibros.cl\/web\/wp-json\/wp\/v2\/product_cat?post=898"},{"taxonomy":"product_tag","embeddable":true,"href":"https:\/\/www.mundilibros.cl\/web\/wp-json\/wp\/v2\/product_tag?post=898"}],"curies":[{"name":"wp","href":"https:\/\/api.w.org\/{rel}","templated":true}]}}