{"id":902,"date":"2025-11-14T19:09:39","date_gmt":"2025-11-14T19:09:39","guid":{"rendered":"https:\/\/www.mundilibros.cl\/web\/?post_type=product&#038;p=902"},"modified":"2025-11-14T19:10:52","modified_gmt":"2025-11-14T19:10:52","slug":"retrato-de-dorian-gray","status":"publish","type":"product","link":"https:\/\/www.mundilibros.cl\/web\/producto\/retrato-de-dorian-gray\/","title":{"rendered":"RETRATO DE DORIAN GRAY"},"content":{"rendered":"","protected":false},"excerpt":{"rendered":"<p>En su \u00fanica novela, el divino Oscar Wilde puso al d\u00eda el mito de Fausto. En este caso, la v\u00edctima es Dorian Gray, un bello y joven presuntuoso a quien un amigo hace un retrato al \u00f3leo. Cuando Dorian trabe amistad con lord Henry Wotton, un c\u00ednico fil\u00f3sofo, \u00e9ste le convencer\u00e1 de que sus m\u00e1s valiosas posesiones son su belleza y su juventud. Y a partir de ah\u00ed, su deseo de que su retrato envejezca mientras \u00e9l permanezca joven se hace realidad.Estamos, simple y llanamente, ante uno de los libros m\u00e1s bellos e ingeniosos de todos los tiempos.<\/p>\n","protected":false},"featured_media":957,"comment_status":"closed","ping_status":"closed","template":"","meta":[],"product_brand":[],"product_cat":[110],"product_tag":[],"class_list":{"0":"post-902","1":"product","2":"type-product","3":"status-publish","4":"has-post-thumbnail","6":"product_cat-clasicos","8":"first","9":"instock","10":"taxable","11":"shipping-taxable","12":"purchasable","13":"product-type-simple"},"_links":{"self":[{"href":"https:\/\/www.mundilibros.cl\/web\/wp-json\/wp\/v2\/product\/902","targetHints":{"allow":["GET"]}}],"collection":[{"href":"https:\/\/www.mundilibros.cl\/web\/wp-json\/wp\/v2\/product"}],"about":[{"href":"https:\/\/www.mundilibros.cl\/web\/wp-json\/wp\/v2\/types\/product"}],"replies":[{"embeddable":true,"href":"https:\/\/www.mundilibros.cl\/web\/wp-json\/wp\/v2\/comments?post=902"}],"wp:featuredmedia":[{"embeddable":true,"href":"https:\/\/www.mundilibros.cl\/web\/wp-json\/wp\/v2\/media\/957"}],"wp:attachment":[{"href":"https:\/\/www.mundilibros.cl\/web\/wp-json\/wp\/v2\/media?parent=902"}],"wp:term":[{"taxonomy":"product_brand","embeddable":true,"href":"https:\/\/www.mundilibros.cl\/web\/wp-json\/wp\/v2\/product_brand?post=902"},{"taxonomy":"product_cat","embeddable":true,"href":"https:\/\/www.mundilibros.cl\/web\/wp-json\/wp\/v2\/product_cat?post=902"},{"taxonomy":"product_tag","embeddable":true,"href":"https:\/\/www.mundilibros.cl\/web\/wp-json\/wp\/v2\/product_tag?post=902"}],"curies":[{"name":"wp","href":"https:\/\/api.w.org\/{rel}","templated":true}]}}