{"id":906,"date":"2025-11-14T19:09:39","date_gmt":"2025-11-14T19:09:39","guid":{"rendered":"https:\/\/www.mundilibros.cl\/web\/?post_type=product&#038;p=906"},"modified":"2025-11-14T19:10:56","modified_gmt":"2025-11-14T19:10:56","slug":"tarot-universal-de-waite-libro-cartas","status":"publish","type":"product","link":"https:\/\/www.mundilibros.cl\/web\/producto\/tarot-universal-de-waite-libro-cartas\/","title":{"rendered":"TAROT UNIVERSAL DE WAITE LIBRO + CARTAS"},"content":{"rendered":"<p>El tarot es una representaci\u00f3n simb\u00f3lica de las ideas universales en las que est\u00e1n basados la mente y el comportamiento humano, y en este sentido contiene una doctrina secreta a la cual es posible acceder, pues de hecho est\u00e1 y en la conciencia de todos nosotros, aunque el hombre ordinario pase por la vida sin reconocerla. Esta doctrina ha existido siempre, es decir, siempre ha habido una minor\u00eda capaz de acceder a ella.<\/p>\n<p>Libro + baraja de 78 cartas<\/p>\n<p>N\u00b0 p\u00e1ginas :272<br \/>\nTapa blanda<br \/>\nDimensiones 14 x 21,5 cm.<\/p>\n","protected":false},"excerpt":{"rendered":"<h3>Libro + baraja de 78 cartas<\/h3>\n","protected":false},"featured_media":961,"comment_status":"closed","ping_status":"closed","template":"","meta":[],"product_brand":[],"product_cat":[162],"product_tag":[],"class_list":{"0":"post-906","1":"product","2":"type-product","3":"status-publish","4":"has-post-thumbnail","6":"product_cat-tarots","8":"first","9":"outofstock","10":"taxable","11":"shipping-taxable","12":"purchasable","13":"product-type-simple"},"_links":{"self":[{"href":"https:\/\/www.mundilibros.cl\/web\/wp-json\/wp\/v2\/product\/906","targetHints":{"allow":["GET"]}}],"collection":[{"href":"https:\/\/www.mundilibros.cl\/web\/wp-json\/wp\/v2\/product"}],"about":[{"href":"https:\/\/www.mundilibros.cl\/web\/wp-json\/wp\/v2\/types\/product"}],"replies":[{"embeddable":true,"href":"https:\/\/www.mundilibros.cl\/web\/wp-json\/wp\/v2\/comments?post=906"}],"wp:featuredmedia":[{"embeddable":true,"href":"https:\/\/www.mundilibros.cl\/web\/wp-json\/wp\/v2\/media\/961"}],"wp:attachment":[{"href":"https:\/\/www.mundilibros.cl\/web\/wp-json\/wp\/v2\/media?parent=906"}],"wp:term":[{"taxonomy":"product_brand","embeddable":true,"href":"https:\/\/www.mundilibros.cl\/web\/wp-json\/wp\/v2\/product_brand?post=906"},{"taxonomy":"product_cat","embeddable":true,"href":"https:\/\/www.mundilibros.cl\/web\/wp-json\/wp\/v2\/product_cat?post=906"},{"taxonomy":"product_tag","embeddable":true,"href":"https:\/\/www.mundilibros.cl\/web\/wp-json\/wp\/v2\/product_tag?post=906"}],"curies":[{"name":"wp","href":"https:\/\/api.w.org\/{rel}","templated":true}]}}