{"id":914,"date":"2025-11-14T19:10:01","date_gmt":"2025-11-14T19:10:01","guid":{"rendered":"https:\/\/www.mundilibros.cl\/web\/?post_type=product&#038;p=914"},"modified":"2025-11-14T19:10:58","modified_gmt":"2025-11-14T19:10:58","slug":"tarot-de-las-brujas","status":"publish","type":"product","link":"https:\/\/www.mundilibros.cl\/web\/producto\/tarot-de-las-brujas\/","title":{"rendered":"TAROT DE LAS BRUJAS"},"content":{"rendered":"<p>El Tarot de las Brujas es un tarot distinto a todos los dem\u00e1s. Fuertemente enraizado en la tradici\u00f3n cartom\u00e1ntica europea, es asimismo un or\u00e1culo de sabidur\u00eda que se apoya en 28 naipes correspondientes a los 28 d\u00edas del mes lunar. El libro est\u00e1 dedicado a todas aquellas personas que todav\u00eda siguen creyendo en la magia y que, en alg\u00fan momento de sus vidas, so\u00f1aron con un libro como este, algo especial y diferente. Sus cartas, de bellas y cuidadas ilustraciones, son el puente que conduce a la sabidur\u00eda ancestral que todos guardamos en nuestro interior<\/p>\n<p>Ficha t\u00e9cnica<br \/>\nN\u00ba de p\u00e1ginas: 200<br \/>\nFecha de lanzamiento: 27\/11\/2017<br \/>\nTapa dura<\/p>\n","protected":false},"excerpt":{"rendered":"<p>El Tarot de las Brujas es un tarot distinto a todos los dem\u00e1s. Fuertemente enraizado en la tradici\u00f3n cartom\u00e1ntica europea, es asimismo un or\u00e1culo de sabidur\u00eda<span class=\"excerpt-hellip\"> [\u2026]<\/span><\/p>\n","protected":false},"featured_media":964,"comment_status":"closed","ping_status":"closed","template":"","meta":[],"product_brand":[],"product_cat":[162],"product_tag":[],"class_list":{"0":"post-914","1":"product","2":"type-product","3":"status-publish","4":"has-post-thumbnail","6":"product_cat-tarots","8":"first","9":"outofstock","10":"taxable","11":"shipping-taxable","12":"purchasable","13":"product-type-simple"},"_links":{"self":[{"href":"https:\/\/www.mundilibros.cl\/web\/wp-json\/wp\/v2\/product\/914","targetHints":{"allow":["GET"]}}],"collection":[{"href":"https:\/\/www.mundilibros.cl\/web\/wp-json\/wp\/v2\/product"}],"about":[{"href":"https:\/\/www.mundilibros.cl\/web\/wp-json\/wp\/v2\/types\/product"}],"replies":[{"embeddable":true,"href":"https:\/\/www.mundilibros.cl\/web\/wp-json\/wp\/v2\/comments?post=914"}],"wp:featuredmedia":[{"embeddable":true,"href":"https:\/\/www.mundilibros.cl\/web\/wp-json\/wp\/v2\/media\/964"}],"wp:attachment":[{"href":"https:\/\/www.mundilibros.cl\/web\/wp-json\/wp\/v2\/media?parent=914"}],"wp:term":[{"taxonomy":"product_brand","embeddable":true,"href":"https:\/\/www.mundilibros.cl\/web\/wp-json\/wp\/v2\/product_brand?post=914"},{"taxonomy":"product_cat","embeddable":true,"href":"https:\/\/www.mundilibros.cl\/web\/wp-json\/wp\/v2\/product_cat?post=914"},{"taxonomy":"product_tag","embeddable":true,"href":"https:\/\/www.mundilibros.cl\/web\/wp-json\/wp\/v2\/product_tag?post=914"}],"curies":[{"name":"wp","href":"https:\/\/api.w.org\/{rel}","templated":true}]}}