{"id":918,"date":"2025-11-14T19:10:02","date_gmt":"2025-11-14T19:10:02","guid":{"rendered":"https:\/\/www.mundilibros.cl\/web\/?post_type=product&#038;p=918"},"modified":"2025-11-14T19:11:16","modified_gmt":"2025-11-14T19:11:16","slug":"soy-una-mama","status":"publish","type":"product","link":"https:\/\/www.mundilibros.cl\/web\/producto\/soy-una-mama\/","title":{"rendered":"SOY UNA MAM\u00c1"},"content":{"rendered":"<p>\u00bfQu\u00e9 sucede cuando descubres que has vivido una mentira y decides poner punto final a tu \u00abfelices para siempre\u00bb?<\/p>\n<p>Me llamo Estefan\u00eda, soy madre de tres hijos y estuve felizmente casada.<br \/>\nMi d\u00eda a d\u00eda era siempre el mismo: me levantaba, atend\u00eda a mis peque\u00f1os, los llevaba al cole, desayunaba con mis amigas, hac\u00eda la compra, sacaba a mi perra y me iba al trabajo.<br \/>\nTodo era perfecto y yo me sent\u00eda una mujer feliz. Pero, tras veinte a\u00f1os de matrimonio, todo se trastoc\u00f3 cuando me enter\u00e9 de que ese marido al que tanto veneraba, y por el que siempre hab\u00eda puesto la mano en el fuego, me estaba enga\u00f1ando con otra.<br \/>\nAs\u00ed que me divorci\u00e9 y aprend\u00ed a aceptar que Alfonso y yo ya no somos m\u00e1s que los padres de tres preciosos ni\u00f1os y unos aut\u00e9nticos desconocidos.<br \/>\nPoco a poco voy empezando a disfrutar de la libertad que me da mi nuevo estado civil y, por qu\u00e9 no, de ir encontr\u00e1ndome con Diego, el vecino buenorro de la urbanizaci\u00f3n de mis padres por el que todas suspiran.<br \/>\nHasta que una tarde me invita a cenar. \u00c9l y yo solos.<\/p>\n","protected":false},"excerpt":{"rendered":"<p>\u00bfQu\u00e9 sucede cuando descubres que has vivido una mentira y decides poner punto final a tu \u00abfelices para siempre\u00bb? Me llamo Estefan\u00eda, soy madre de tres<span class=\"excerpt-hellip\"> [\u2026]<\/span><\/p>\n","protected":false},"featured_media":979,"comment_status":"closed","ping_status":"closed","template":"","meta":[],"product_brand":[],"product_cat":[25],"product_tag":[],"class_list":{"0":"post-918","1":"product","2":"type-product","3":"status-publish","4":"has-post-thumbnail","6":"product_cat-novelas","8":"first","9":"outofstock","10":"taxable","11":"shipping-taxable","12":"purchasable","13":"product-type-simple"},"_links":{"self":[{"href":"https:\/\/www.mundilibros.cl\/web\/wp-json\/wp\/v2\/product\/918","targetHints":{"allow":["GET"]}}],"collection":[{"href":"https:\/\/www.mundilibros.cl\/web\/wp-json\/wp\/v2\/product"}],"about":[{"href":"https:\/\/www.mundilibros.cl\/web\/wp-json\/wp\/v2\/types\/product"}],"replies":[{"embeddable":true,"href":"https:\/\/www.mundilibros.cl\/web\/wp-json\/wp\/v2\/comments?post=918"}],"wp:featuredmedia":[{"embeddable":true,"href":"https:\/\/www.mundilibros.cl\/web\/wp-json\/wp\/v2\/media\/979"}],"wp:attachment":[{"href":"https:\/\/www.mundilibros.cl\/web\/wp-json\/wp\/v2\/media?parent=918"}],"wp:term":[{"taxonomy":"product_brand","embeddable":true,"href":"https:\/\/www.mundilibros.cl\/web\/wp-json\/wp\/v2\/product_brand?post=918"},{"taxonomy":"product_cat","embeddable":true,"href":"https:\/\/www.mundilibros.cl\/web\/wp-json\/wp\/v2\/product_cat?post=918"},{"taxonomy":"product_tag","embeddable":true,"href":"https:\/\/www.mundilibros.cl\/web\/wp-json\/wp\/v2\/product_tag?post=918"}],"curies":[{"name":"wp","href":"https:\/\/api.w.org\/{rel}","templated":true}]}}