{"id":933,"date":"2025-11-14T19:10:28","date_gmt":"2025-11-14T19:10:28","guid":{"rendered":"https:\/\/www.mundilibros.cl\/web\/?post_type=product&#038;p=933"},"modified":"2025-11-14T19:11:16","modified_gmt":"2025-11-14T19:11:16","slug":"sito-kesito-y-su-robot-gigantesco-1","status":"publish","type":"product","link":"https:\/\/www.mundilibros.cl\/web\/producto\/sito-kesito-y-su-robot-gigantesco-1\/","title":{"rendered":"SITO KESITO Y SU ROBOT GIGANTESCO #1"},"content":{"rendered":"<p>\u00bfSe meten contigo en el cole? \u00bfTe gustar\u00eda tener un amigo especial? \u00a1Conoce a Sito Kesito y a su gigantesco robot volador! En este libro ambos compa\u00f1eros se las ver\u00e1n con el diab\u00f3lico profesor Pest\u00edfero, un malvado cient\u00edfico que amenaza con apoderarse del mundo&#8230;<\/p>\n<p>\u00a1P\u00e1satelo en grande con las aventuras del peque\u00f1o Sito y su enorme robot que luchan por salvar la ciudad!<\/p>\n","protected":false},"excerpt":{"rendered":"<p>\u00bfSe meten contigo en el cole? \u00bfTe gustar\u00eda tener un amigo especial? \u00a1Conoce a Sito Kesito y a su gigantesco robot volador! En este libro ambos<span class=\"excerpt-hellip\"> [\u2026]<\/span><\/p>\n","protected":false},"featured_media":981,"comment_status":"closed","ping_status":"closed","template":"","meta":[],"product_brand":[],"product_cat":[89],"product_tag":[],"class_list":{"0":"post-933","1":"product","2":"type-product","3":"status-publish","4":"has-post-thumbnail","6":"product_cat-ofertas","8":"first","9":"outofstock","10":"taxable","11":"shipping-taxable","12":"purchasable","13":"product-type-simple"},"_links":{"self":[{"href":"https:\/\/www.mundilibros.cl\/web\/wp-json\/wp\/v2\/product\/933","targetHints":{"allow":["GET"]}}],"collection":[{"href":"https:\/\/www.mundilibros.cl\/web\/wp-json\/wp\/v2\/product"}],"about":[{"href":"https:\/\/www.mundilibros.cl\/web\/wp-json\/wp\/v2\/types\/product"}],"replies":[{"embeddable":true,"href":"https:\/\/www.mundilibros.cl\/web\/wp-json\/wp\/v2\/comments?post=933"}],"wp:featuredmedia":[{"embeddable":true,"href":"https:\/\/www.mundilibros.cl\/web\/wp-json\/wp\/v2\/media\/981"}],"wp:attachment":[{"href":"https:\/\/www.mundilibros.cl\/web\/wp-json\/wp\/v2\/media?parent=933"}],"wp:term":[{"taxonomy":"product_brand","embeddable":true,"href":"https:\/\/www.mundilibros.cl\/web\/wp-json\/wp\/v2\/product_brand?post=933"},{"taxonomy":"product_cat","embeddable":true,"href":"https:\/\/www.mundilibros.cl\/web\/wp-json\/wp\/v2\/product_cat?post=933"},{"taxonomy":"product_tag","embeddable":true,"href":"https:\/\/www.mundilibros.cl\/web\/wp-json\/wp\/v2\/product_tag?post=933"}],"curies":[{"name":"wp","href":"https:\/\/api.w.org\/{rel}","templated":true}]}}