{"id":938,"date":"2025-11-14T19:10:28","date_gmt":"2025-11-14T19:10:28","guid":{"rendered":"https:\/\/www.mundilibros.cl\/web\/?post_type=product&#038;p=938"},"modified":"2025-11-14T19:11:29","modified_gmt":"2025-11-14T19:11:29","slug":"el-psicoanalista-bolsillo","status":"publish","type":"product","link":"https:\/\/www.mundilibros.cl\/web\/producto\/el-psicoanalista-bolsillo\/","title":{"rendered":"EL PSICOANALISTA (Bolsillo)"},"content":{"rendered":"<p>Feliz 53 cumplea\u00f1os, doctor. Bienvenido al primer d\u00eda de su muerte. Pertenezco a alg\u00fan momento de su pasado. Usted arruin\u00f3 mi vida. Quiz\u00e1 no sepa c\u00f3mo, por qu\u00e9, pero lo hizo. Llen\u00f3 todos mis instantes de desastre y tristeza. Arruin\u00f3 mi vida. Y ahora estoy decidido a arruinar la suya. Al principio pens\u00e9 que deber\u00eda matarlo para ajustarle las cuentas. Pero me di cuenta de que eso era demasiado sencillo. Es un objetivo pat\u00e9ticamente f\u00e1cil, doctor. Acecharlo y matarlo no habr\u00eda supuesto ning\u00fan desaf\u00edo. Y, dada la facilidad de ese asesinato, no estaba seguro de que me proporcionara la satisfacci\u00f3n necesaria. He decidido que prefiero que se suicide.<\/p>\n","protected":false},"excerpt":{"rendered":"<p>Feliz 53 cumplea\u00f1os, doctor. Bienvenido al primer d\u00eda de su muerte. Pertenezco a alg\u00fan momento de su pasado. Usted arruin\u00f3 mi vida. Quiz\u00e1 no sepa c\u00f3mo,<span class=\"excerpt-hellip\"> [\u2026]<\/span><\/p>\n","protected":false},"featured_media":988,"comment_status":"closed","ping_status":"closed","template":"","meta":[],"product_brand":[],"product_cat":[29],"product_tag":[],"class_list":{"0":"post-938","1":"product","2":"type-product","3":"status-publish","4":"has-post-thumbnail","6":"product_cat-suspenso-terror","8":"first","9":"outofstock","10":"sale","11":"taxable","12":"shipping-taxable","13":"purchasable","14":"product-type-simple"},"_links":{"self":[{"href":"https:\/\/www.mundilibros.cl\/web\/wp-json\/wp\/v2\/product\/938","targetHints":{"allow":["GET"]}}],"collection":[{"href":"https:\/\/www.mundilibros.cl\/web\/wp-json\/wp\/v2\/product"}],"about":[{"href":"https:\/\/www.mundilibros.cl\/web\/wp-json\/wp\/v2\/types\/product"}],"replies":[{"embeddable":true,"href":"https:\/\/www.mundilibros.cl\/web\/wp-json\/wp\/v2\/comments?post=938"}],"wp:featuredmedia":[{"embeddable":true,"href":"https:\/\/www.mundilibros.cl\/web\/wp-json\/wp\/v2\/media\/988"}],"wp:attachment":[{"href":"https:\/\/www.mundilibros.cl\/web\/wp-json\/wp\/v2\/media?parent=938"}],"wp:term":[{"taxonomy":"product_brand","embeddable":true,"href":"https:\/\/www.mundilibros.cl\/web\/wp-json\/wp\/v2\/product_brand?post=938"},{"taxonomy":"product_cat","embeddable":true,"href":"https:\/\/www.mundilibros.cl\/web\/wp-json\/wp\/v2\/product_cat?post=938"},{"taxonomy":"product_tag","embeddable":true,"href":"https:\/\/www.mundilibros.cl\/web\/wp-json\/wp\/v2\/product_tag?post=938"}],"curies":[{"name":"wp","href":"https:\/\/api.w.org\/{rel}","templated":true}]}}