{"id":941,"date":"2025-11-14T19:10:28","date_gmt":"2025-11-14T19:10:28","guid":{"rendered":"https:\/\/www.mundilibros.cl\/web\/?post_type=product&#038;p=941"},"modified":"2025-11-14T19:11:43","modified_gmt":"2025-11-14T19:11:43","slug":"365-chistes-infantiles","status":"publish","type":"product","link":"https:\/\/www.mundilibros.cl\/web\/producto\/365-chistes-infantiles\/","title":{"rendered":"365 CHISTES INFANTILES"},"content":{"rendered":"<p>Al abrir este libro, encontrar\u00e1s una divertida selecci\u00f3n de chistes para todas las edades y todos los gustos que te alegrar\u00e1n los 365 d\u00edas del a\u00f1o.<\/p>\n<p>Tama\u00f1o: 20,3 x 26,9<br \/>\nP\u00e1ginas: 196<\/p>\n","protected":false},"excerpt":{"rendered":"<p>Al abrir este libro, encontrar\u00e1s una divertida selecci\u00f3n de chistes para todas las edades y todos los gustos que te alegrar\u00e1n los 365 d\u00edas del a\u00f1o.<span class=\"excerpt-hellip\"> [\u2026]<\/span><\/p>\n","protected":false},"featured_media":1003,"comment_status":"closed","ping_status":"closed","template":"","meta":[],"product_brand":[],"product_cat":[64],"product_tag":[],"class_list":{"0":"post-941","1":"product","2":"type-product","3":"status-publish","4":"has-post-thumbnail","6":"product_cat-libros-infantiles","8":"first","9":"instock","10":"sale","11":"taxable","12":"shipping-taxable","13":"purchasable","14":"product-type-simple"},"_links":{"self":[{"href":"https:\/\/www.mundilibros.cl\/web\/wp-json\/wp\/v2\/product\/941","targetHints":{"allow":["GET"]}}],"collection":[{"href":"https:\/\/www.mundilibros.cl\/web\/wp-json\/wp\/v2\/product"}],"about":[{"href":"https:\/\/www.mundilibros.cl\/web\/wp-json\/wp\/v2\/types\/product"}],"replies":[{"embeddable":true,"href":"https:\/\/www.mundilibros.cl\/web\/wp-json\/wp\/v2\/comments?post=941"}],"wp:featuredmedia":[{"embeddable":true,"href":"https:\/\/www.mundilibros.cl\/web\/wp-json\/wp\/v2\/media\/1003"}],"wp:attachment":[{"href":"https:\/\/www.mundilibros.cl\/web\/wp-json\/wp\/v2\/media?parent=941"}],"wp:term":[{"taxonomy":"product_brand","embeddable":true,"href":"https:\/\/www.mundilibros.cl\/web\/wp-json\/wp\/v2\/product_brand?post=941"},{"taxonomy":"product_cat","embeddable":true,"href":"https:\/\/www.mundilibros.cl\/web\/wp-json\/wp\/v2\/product_cat?post=941"},{"taxonomy":"product_tag","embeddable":true,"href":"https:\/\/www.mundilibros.cl\/web\/wp-json\/wp\/v2\/product_tag?post=941"}],"curies":[{"name":"wp","href":"https:\/\/api.w.org\/{rel}","templated":true}]}}