{"id":953,"date":"2025-11-14T19:10:52","date_gmt":"2025-11-14T19:10:52","guid":{"rendered":"https:\/\/www.mundilibros.cl\/web\/?post_type=product&#038;p=953"},"modified":"2025-11-14T19:12:00","modified_gmt":"2025-11-14T19:12:00","slug":"sabiduria-oriental","status":"publish","type":"product","link":"https:\/\/www.mundilibros.cl\/web\/producto\/sabiduria-oriental\/","title":{"rendered":"SABIDURIA ORIENTAL"},"content":{"rendered":"<p>Conocerse a s\u00ed mismo es conocer a los dem\u00e1s, lo mismo que amarse, perdonarse y enriquecerse interiormente, y esas son las bases y metas de la sabidur\u00eda oriental recogida en este libro.<\/p>\n<p>tapa blanda<br \/>\nP\u00e1ginas: 288<br \/>\nFormato: 13 x 19 cms.<\/p>\n","protected":false},"excerpt":{"rendered":"<p>Conocerse a s\u00ed mismo es conocer a los dem\u00e1s, lo mismo que amarse, perdonarse y enriquecerse interiormente, y esas son las bases y metas de la<span class=\"excerpt-hellip\"> [\u2026]<\/span><\/p>\n","protected":false},"featured_media":1014,"comment_status":"closed","ping_status":"closed","template":"","meta":[],"product_brand":[],"product_cat":[89],"product_tag":[],"class_list":{"0":"post-953","1":"product","2":"type-product","3":"status-publish","4":"has-post-thumbnail","6":"product_cat-ofertas","8":"first","9":"instock","10":"taxable","11":"shipping-taxable","12":"purchasable","13":"product-type-simple"},"_links":{"self":[{"href":"https:\/\/www.mundilibros.cl\/web\/wp-json\/wp\/v2\/product\/953","targetHints":{"allow":["GET"]}}],"collection":[{"href":"https:\/\/www.mundilibros.cl\/web\/wp-json\/wp\/v2\/product"}],"about":[{"href":"https:\/\/www.mundilibros.cl\/web\/wp-json\/wp\/v2\/types\/product"}],"replies":[{"embeddable":true,"href":"https:\/\/www.mundilibros.cl\/web\/wp-json\/wp\/v2\/comments?post=953"}],"wp:featuredmedia":[{"embeddable":true,"href":"https:\/\/www.mundilibros.cl\/web\/wp-json\/wp\/v2\/media\/1014"}],"wp:attachment":[{"href":"https:\/\/www.mundilibros.cl\/web\/wp-json\/wp\/v2\/media?parent=953"}],"wp:term":[{"taxonomy":"product_brand","embeddable":true,"href":"https:\/\/www.mundilibros.cl\/web\/wp-json\/wp\/v2\/product_brand?post=953"},{"taxonomy":"product_cat","embeddable":true,"href":"https:\/\/www.mundilibros.cl\/web\/wp-json\/wp\/v2\/product_cat?post=953"},{"taxonomy":"product_tag","embeddable":true,"href":"https:\/\/www.mundilibros.cl\/web\/wp-json\/wp\/v2\/product_tag?post=953"}],"curies":[{"name":"wp","href":"https:\/\/api.w.org\/{rel}","templated":true}]}}