{"id":954,"date":"2025-11-14T19:10:52","date_gmt":"2025-11-14T19:10:52","guid":{"rendered":"https:\/\/www.mundilibros.cl\/web\/?post_type=product&#038;p=954"},"modified":"2025-11-14T19:12:00","modified_gmt":"2025-11-14T19:12:00","slug":"la-casa-negra","status":"publish","type":"product","link":"https:\/\/www.mundilibros.cl\/web\/producto\/la-casa-negra\/","title":{"rendered":"LA CASA NEGRA"},"content":{"rendered":"<p>Las tragedias cobran una cotidianidad inquietante en esta magistral selecci\u00f3n de relatos. La narraci\u00f3n evoca la c\u00e1lida familiaridad de los barrios residenciales, los jardines cuidados y los bares locales.<\/p>\n","protected":false},"excerpt":{"rendered":"<p>Las tragedias cobran una cotidianidad inquietante en esta magistral selecci\u00f3n de relatos. La narraci\u00f3n evoca la c\u00e1lida familiaridad de los barrios residenciales, los jardines cuidados y<span class=\"excerpt-hellip\"> [\u2026]<\/span><\/p>\n","protected":false},"featured_media":1015,"comment_status":"closed","ping_status":"closed","template":"","meta":[],"product_brand":[],"product_cat":[89],"product_tag":[],"class_list":{"0":"post-954","1":"product","2":"type-product","3":"status-publish","4":"has-post-thumbnail","6":"product_cat-ofertas","8":"first","9":"outofstock","10":"sale","11":"taxable","12":"shipping-taxable","13":"purchasable","14":"product-type-simple"},"_links":{"self":[{"href":"https:\/\/www.mundilibros.cl\/web\/wp-json\/wp\/v2\/product\/954","targetHints":{"allow":["GET"]}}],"collection":[{"href":"https:\/\/www.mundilibros.cl\/web\/wp-json\/wp\/v2\/product"}],"about":[{"href":"https:\/\/www.mundilibros.cl\/web\/wp-json\/wp\/v2\/types\/product"}],"replies":[{"embeddable":true,"href":"https:\/\/www.mundilibros.cl\/web\/wp-json\/wp\/v2\/comments?post=954"}],"wp:featuredmedia":[{"embeddable":true,"href":"https:\/\/www.mundilibros.cl\/web\/wp-json\/wp\/v2\/media\/1015"}],"wp:attachment":[{"href":"https:\/\/www.mundilibros.cl\/web\/wp-json\/wp\/v2\/media?parent=954"}],"wp:term":[{"taxonomy":"product_brand","embeddable":true,"href":"https:\/\/www.mundilibros.cl\/web\/wp-json\/wp\/v2\/product_brand?post=954"},{"taxonomy":"product_cat","embeddable":true,"href":"https:\/\/www.mundilibros.cl\/web\/wp-json\/wp\/v2\/product_cat?post=954"},{"taxonomy":"product_tag","embeddable":true,"href":"https:\/\/www.mundilibros.cl\/web\/wp-json\/wp\/v2\/product_tag?post=954"}],"curies":[{"name":"wp","href":"https:\/\/api.w.org\/{rel}","templated":true}]}}