{"id":955,"date":"2025-11-14T19:10:52","date_gmt":"2025-11-14T19:10:52","guid":{"rendered":"https:\/\/www.mundilibros.cl\/web\/?post_type=product&#038;p=955"},"modified":"2025-11-14T19:12:01","modified_gmt":"2025-11-14T19:12:01","slug":"de-la-mano-con-frasquito","status":"publish","type":"product","link":"https:\/\/www.mundilibros.cl\/web\/producto\/de-la-mano-con-frasquito\/","title":{"rendered":"DE LA MANO CON FRASQUITO"},"content":{"rendered":"<p>En este libro JJ Ben\u00edtez da varios consejos para la vida a su nieto, apodado \u00abFrasquito\u00bb cari\u00f1osamente desde que naci\u00f3. Son textos breves inspirados en la vida y en el futuro, es la visi\u00f3n y los consejos de un abuelo para una vida que comienza a trasegar sus d\u00edas en el agitado mundo actual.<\/p>\n","protected":false},"excerpt":{"rendered":"<p>En este libro JJ Ben\u00edtez da varios consejos para la vida a su nieto, apodado \u00abFrasquito\u00bb cari\u00f1osamente desde que naci\u00f3. Son textos breves inspirados en la<span class=\"excerpt-hellip\"> [\u2026]<\/span><\/p>\n","protected":false},"featured_media":1016,"comment_status":"closed","ping_status":"closed","template":"","meta":[],"product_brand":[],"product_cat":[89],"product_tag":[],"class_list":{"0":"post-955","1":"product","2":"type-product","3":"status-publish","4":"has-post-thumbnail","6":"product_cat-ofertas","8":"first","9":"instock","10":"sale","11":"taxable","12":"shipping-taxable","13":"purchasable","14":"product-type-simple"},"_links":{"self":[{"href":"https:\/\/www.mundilibros.cl\/web\/wp-json\/wp\/v2\/product\/955","targetHints":{"allow":["GET"]}}],"collection":[{"href":"https:\/\/www.mundilibros.cl\/web\/wp-json\/wp\/v2\/product"}],"about":[{"href":"https:\/\/www.mundilibros.cl\/web\/wp-json\/wp\/v2\/types\/product"}],"replies":[{"embeddable":true,"href":"https:\/\/www.mundilibros.cl\/web\/wp-json\/wp\/v2\/comments?post=955"}],"wp:featuredmedia":[{"embeddable":true,"href":"https:\/\/www.mundilibros.cl\/web\/wp-json\/wp\/v2\/media\/1016"}],"wp:attachment":[{"href":"https:\/\/www.mundilibros.cl\/web\/wp-json\/wp\/v2\/media?parent=955"}],"wp:term":[{"taxonomy":"product_brand","embeddable":true,"href":"https:\/\/www.mundilibros.cl\/web\/wp-json\/wp\/v2\/product_brand?post=955"},{"taxonomy":"product_cat","embeddable":true,"href":"https:\/\/www.mundilibros.cl\/web\/wp-json\/wp\/v2\/product_cat?post=955"},{"taxonomy":"product_tag","embeddable":true,"href":"https:\/\/www.mundilibros.cl\/web\/wp-json\/wp\/v2\/product_tag?post=955"}],"curies":[{"name":"wp","href":"https:\/\/api.w.org\/{rel}","templated":true}]}}