{"id":969,"date":"2025-11-14T19:11:14","date_gmt":"2025-11-14T19:11:14","guid":{"rendered":"https:\/\/www.mundilibros.cl\/web\/?post_type=product&#038;p=969"},"modified":"2026-01-31T15:01:06","modified_gmt":"2026-01-31T15:01:06","slug":"personajes-con-diversos-trajes","status":"publish","type":"product","link":"https:\/\/www.mundilibros.cl\/web\/producto\/personajes-con-diversos-trajes\/","title":{"rendered":"PERSONAJES CON DIVERSOS TRAJES"},"content":{"rendered":"<p>Aqu\u00ed est\u00e1n los personajes que hacen parte del patrimonio literario colombiano: Rinr\u00edn Renacuajo, la Pobre Viejecita y Sim\u00f3n el Bobito, entre otros. Con un humor fino, propio del esp\u00edritu bogotano de finales del siglo XIX, Pombo narra divertidas historias de las que se apropiar\u00e1n los ni\u00f1os lectores; al tiempo que hace una cr\u00edtica de faltas humanas como la avaricia, la improvisaci\u00f3n y el mal gusto.<\/p>\n<p>&nbsp;<\/p>\n<p>edad :\u00a0 desde 7 a\u00f1os<\/p>\n","protected":false},"excerpt":{"rendered":"<p>Aqu\u00ed est\u00e1n los personajes que hacen parte del patrimonio literario colombiano: Rinr\u00edn Renacuajo, la Pobre Viejecita y Sim\u00f3n el Bobito, entre otros. Con un humor fino,<span class=\"excerpt-hellip\"> [\u2026]<\/span><\/p>\n","protected":false},"featured_media":1027,"comment_status":"closed","ping_status":"closed","template":"","meta":[],"product_brand":[],"product_cat":[89],"product_tag":[],"class_list":{"0":"post-969","1":"product","2":"type-product","3":"status-publish","4":"has-post-thumbnail","6":"product_cat-ofertas","8":"first","9":"instock","10":"sale","11":"taxable","12":"shipping-taxable","13":"purchasable","14":"product-type-simple"},"_links":{"self":[{"href":"https:\/\/www.mundilibros.cl\/web\/wp-json\/wp\/v2\/product\/969","targetHints":{"allow":["GET"]}}],"collection":[{"href":"https:\/\/www.mundilibros.cl\/web\/wp-json\/wp\/v2\/product"}],"about":[{"href":"https:\/\/www.mundilibros.cl\/web\/wp-json\/wp\/v2\/types\/product"}],"replies":[{"embeddable":true,"href":"https:\/\/www.mundilibros.cl\/web\/wp-json\/wp\/v2\/comments?post=969"}],"wp:featuredmedia":[{"embeddable":true,"href":"https:\/\/www.mundilibros.cl\/web\/wp-json\/wp\/v2\/media\/1027"}],"wp:attachment":[{"href":"https:\/\/www.mundilibros.cl\/web\/wp-json\/wp\/v2\/media?parent=969"}],"wp:term":[{"taxonomy":"product_brand","embeddable":true,"href":"https:\/\/www.mundilibros.cl\/web\/wp-json\/wp\/v2\/product_brand?post=969"},{"taxonomy":"product_cat","embeddable":true,"href":"https:\/\/www.mundilibros.cl\/web\/wp-json\/wp\/v2\/product_cat?post=969"},{"taxonomy":"product_tag","embeddable":true,"href":"https:\/\/www.mundilibros.cl\/web\/wp-json\/wp\/v2\/product_tag?post=969"}],"curies":[{"name":"wp","href":"https:\/\/api.w.org\/{rel}","templated":true}]}}