{"id":970,"date":"2025-11-14T19:11:15","date_gmt":"2025-11-14T19:11:15","guid":{"rendered":"https:\/\/www.mundilibros.cl\/web\/?post_type=product&#038;p=970"},"modified":"2025-11-14T19:12:07","modified_gmt":"2025-11-14T19:12:07","slug":"arsene-lupin-contra-herlock-sholmes","status":"publish","type":"product","link":"https:\/\/www.mundilibros.cl\/web\/producto\/arsene-lupin-contra-herlock-sholmes\/","title":{"rendered":"ARSENE LUPIN CONTRA HERLOCK SHOLMES"},"content":{"rendered":"<h2>Ars\u00e8ne Lupin contra Herlock Sholm\u00e8s<\/h2>\n<p>DESCUBRE LAS HISTORIAS QUE CAMBIARON LA VIDA DE ASSANE, EL H\u00c9ROE DE LA EXIT0SA SERIE DE NETFLIX DIRIGIDA POR EL GANADOR DE UN EMMY, LOUIS LETERRIER Y PROTAGONIZADA POR OMAR SY (INTOCABLE).<\/p>\n<p>Un duelo a muerte entre el mejor detective de la historia de la literatura y el ladr\u00f3n m\u00e1s brillante, caballeresco e intr\u00e9pido que habita los anaqueles.<\/p>\n<p>Ars\u00e8ne Lupin se ve envuelto en dos robos y una estafa. Las tres v\u00edctimas deciden unirse y llamar a Herlock Sholm\u00e8s para que viaje desde Londres y ponga las cosas en su sitio. Sholm\u00e8s descubre tres secretos que est\u00e1n a punto de perder a Lupin: los t\u00faneles ocultos por los que se mueve, el pseud\u00f3nimo con el que vive entre la gente honesta, y su amor apasionado por la hija del arquitecto Destange. Pero las tornas se vuelven y Lupin no solo consigue escapar de Sholm\u00e8s sino que lo env\u00eda prisionero en un barco de vuelta a Inglaterra.<\/p>\n<p>Por eso, cuando el bar\u00f3n d&#8217;Imblevalle \u2014a quien Lupin ha despojado de una l\u00e1mpara jud\u00eda donde guarda las joyas de la familia vuelve a llamarlo a Francia, Sholm\u00e8s est\u00e1 preparado para la venganza.<\/p>\n<p>Maurice Leblanc (1864-1941) cre\u00f3 Ars\u00e8ne Lupin en 1905 como protagonista de un cuento para una revista francesa. Leblanc naci\u00f3 en Ruan (Francia) pero empez\u00f3 su carrera literaria en Par\u00eds. Hab\u00eda estudiado derecho, trabajaba en la empresa familiar y hab\u00eda escrito algunos libros de poco \u00e9xito cuando Lupin se convirti\u00f3 en uno de los personajes m\u00e1s c\u00e9lebres de la literatura polic\u00edaca. Es un ladr\u00f3n de guante blanco, culto y seductor, que roba a los malos. Es el protagonista de veinte novelas y relatos y sus aventuras lo han convertido tambi\u00e9n en h\u00e9roe de pel\u00edculas y series para televisi\u00f3n. Para muchos, las historias de Ars\u00e8ne Lupin son la versi\u00f3n francesa de Sherlock Holmes.<\/p>\n","protected":false},"excerpt":{"rendered":"<p>De la exitosa serie de Netflix<\/p>\n","protected":false},"featured_media":1028,"comment_status":"closed","ping_status":"closed","template":"","meta":[],"product_brand":[],"product_cat":[85],"product_tag":[],"class_list":{"0":"post-970","1":"product","2":"type-product","3":"status-publish","4":"has-post-thumbnail","6":"product_cat-novela-policial","8":"first","9":"outofstock","10":"sale","11":"taxable","12":"shipping-taxable","13":"purchasable","14":"product-type-simple"},"_links":{"self":[{"href":"https:\/\/www.mundilibros.cl\/web\/wp-json\/wp\/v2\/product\/970","targetHints":{"allow":["GET"]}}],"collection":[{"href":"https:\/\/www.mundilibros.cl\/web\/wp-json\/wp\/v2\/product"}],"about":[{"href":"https:\/\/www.mundilibros.cl\/web\/wp-json\/wp\/v2\/types\/product"}],"replies":[{"embeddable":true,"href":"https:\/\/www.mundilibros.cl\/web\/wp-json\/wp\/v2\/comments?post=970"}],"wp:featuredmedia":[{"embeddable":true,"href":"https:\/\/www.mundilibros.cl\/web\/wp-json\/wp\/v2\/media\/1028"}],"wp:attachment":[{"href":"https:\/\/www.mundilibros.cl\/web\/wp-json\/wp\/v2\/media?parent=970"}],"wp:term":[{"taxonomy":"product_brand","embeddable":true,"href":"https:\/\/www.mundilibros.cl\/web\/wp-json\/wp\/v2\/product_brand?post=970"},{"taxonomy":"product_cat","embeddable":true,"href":"https:\/\/www.mundilibros.cl\/web\/wp-json\/wp\/v2\/product_cat?post=970"},{"taxonomy":"product_tag","embeddable":true,"href":"https:\/\/www.mundilibros.cl\/web\/wp-json\/wp\/v2\/product_tag?post=970"}],"curies":[{"name":"wp","href":"https:\/\/api.w.org\/{rel}","templated":true}]}}