{"id":973,"date":"2025-11-14T19:11:15","date_gmt":"2025-11-14T19:11:15","guid":{"rendered":"https:\/\/www.mundilibros.cl\/web\/?post_type=product&#038;p=973"},"modified":"2025-11-14T19:12:14","modified_gmt":"2025-11-14T19:12:14","slug":"netter-atlas-anatomia-humana-mini","status":"publish","type":"product","link":"https:\/\/www.mundilibros.cl\/web\/producto\/netter-atlas-anatomia-humana-mini\/","title":{"rendered":"NETTER ATLAS ANATOMIA HUMANA (MINI)"},"content":{"rendered":"<p>El best-seller indiscutible para el estudio de la anatom\u00eda humana en una nueva edici\u00f3n perfectamente adaptada a las nuevas necesidades de los estudiantes que afrontan la asignatura en los primeros a\u00f1os del grado.<\/p>\n<p>La nueva edici\u00f3n ofrece perspectivas \u00fanicas de estructuras anat\u00f3micas de dif\u00edcil visualizaci\u00f3n gracias a 5 nuevas l\u00e1minas de la mano del Profesor Carlos Machado correspondientes a fosa pterigopalatina, drenaje linf\u00e1tico en mama, car\u00f3tida interna, o\u00eddo medio y rodilla posterior e incorpora l\u00e1minas correspondientes a las arterias de las extremidades inferiores, as\u00ed como im\u00e1genes radiol\u00f3gicas y de diagn\u00f3stico por imagen.<\/p>\n<p>Incluye completas tablas de m\u00fasculos (lugar de inserci\u00f3n, inervaci\u00f3n, funciones principales&#8230;) en un formato muy did\u00e1ctico al final de cada secci\u00f3n.<\/p>\n<p>Incluye herramientas y gu\u00edas interactivas, im\u00e1genes preparadas como ejercicios de autoevaluaci\u00f3n, v\u00eddeos de diseccion, preguntas de elecci\u00f3n m\u00faltiple, l\u00e1minas adicionales de ediciones previas, etc.<\/p>\n<p>&nbsp;<\/p>\n<p>DIMENSIONES: 17 x 21,5 cms<\/p>\n","protected":false},"excerpt":{"rendered":"<h2>7\u00b0\u00a0 Edici\u00f3n<\/h2>\n","protected":false},"featured_media":1031,"comment_status":"closed","ping_status":"closed","template":"","meta":[],"product_brand":[],"product_cat":[303],"product_tag":[],"class_list":{"0":"post-973","1":"product","2":"type-product","3":"status-publish","4":"has-post-thumbnail","6":"product_cat-medicina","8":"first","9":"outofstock","10":"taxable","11":"shipping-taxable","12":"purchasable","13":"product-type-simple"},"_links":{"self":[{"href":"https:\/\/www.mundilibros.cl\/web\/wp-json\/wp\/v2\/product\/973","targetHints":{"allow":["GET"]}}],"collection":[{"href":"https:\/\/www.mundilibros.cl\/web\/wp-json\/wp\/v2\/product"}],"about":[{"href":"https:\/\/www.mundilibros.cl\/web\/wp-json\/wp\/v2\/types\/product"}],"replies":[{"embeddable":true,"href":"https:\/\/www.mundilibros.cl\/web\/wp-json\/wp\/v2\/comments?post=973"}],"wp:featuredmedia":[{"embeddable":true,"href":"https:\/\/www.mundilibros.cl\/web\/wp-json\/wp\/v2\/media\/1031"}],"wp:attachment":[{"href":"https:\/\/www.mundilibros.cl\/web\/wp-json\/wp\/v2\/media?parent=973"}],"wp:term":[{"taxonomy":"product_brand","embeddable":true,"href":"https:\/\/www.mundilibros.cl\/web\/wp-json\/wp\/v2\/product_brand?post=973"},{"taxonomy":"product_cat","embeddable":true,"href":"https:\/\/www.mundilibros.cl\/web\/wp-json\/wp\/v2\/product_cat?post=973"},{"taxonomy":"product_tag","embeddable":true,"href":"https:\/\/www.mundilibros.cl\/web\/wp-json\/wp\/v2\/product_tag?post=973"}],"curies":[{"name":"wp","href":"https:\/\/api.w.org\/{rel}","templated":true}]}}