{"id":993,"date":"2025-11-14T19:11:41","date_gmt":"2025-11-14T19:11:41","guid":{"rendered":"https:\/\/www.mundilibros.cl\/web\/?post_type=product&#038;p=993"},"modified":"2025-11-14T19:12:45","modified_gmt":"2025-11-14T19:12:45","slug":"el-arte-de-enganar-al-karma","status":"publish","type":"product","link":"https:\/\/www.mundilibros.cl\/web\/producto\/el-arte-de-enganar-al-karma\/","title":{"rendered":"EL ARTE DE ENGA\u00d1AR AL KARMA"},"content":{"rendered":"<p><b>Una aspirante a actriz cansada de hacer castings&#8230;<\/b><\/p>\n<p>&nbsp;<\/p>\n<p><b>Un artista reconocido en plena crisis creativa&#8230;<\/b><\/p>\n<p>&nbsp;<\/p>\n<p><b>Unos valiosos cuadros encontrados en un desv\u00e1n&#8230;<\/b><\/p>\n<p>&nbsp;<\/p>\n<p><b>Y el arte del enga\u00f1o para cambiar las leyes del karma.<\/b><\/p>\n<p>Despu\u00e9s de vender m\u00e1s de 3.000.000 de ejemplares de sus novelas, El\u00edsabet Benavent vuelve con<i>El arte de enga\u00f1ar al karma,<\/i>\u00a0una novela donde despliega su virtuosismo narrativo, la magia para crear historias, con un estilo lleno de risas y l\u00e1grimas, en una novela sorprendente, llena de belleza y arte en la que las mujeres dejan de ser musas para ser creadoras. Y volar alto. Por encima de cualquier expectativa.<\/p>\n<p><b>Las lectoras han dicho sobre<\/b><i><b>Un cuento perfecto:<\/b><\/i><br \/>\n\u00ab\u00a1Un libro magn\u00edfico. Adictivo! Una historia real, bien escrita. He re\u00eddo, llorado, suspirado. El\u00edsabet, he le\u00eddo todos tus libros y, aunque parezca imposible, sigues sorprendi\u00e9ndome\u00bb.<\/p>\n<p>\u00abUna historia madura que nos hace reflexionar. No es una novela al uso centrada en el amor de pareja, es eso y mucho m\u00e1s\u00bb.<\/p>\n<p>\u00abLeer a El\u00edsabet es entrar en la historia, sentirla y vivirla. Su pluma te atrapa\u00bb.<\/p>\n<p>\u00abTe puede gustar un libro m\u00e1s que otro. Amar a un personaje y odiar a otros&#8230; pero siempre tienen algo que te marca y que se queda incrustado en el coraz\u00f3n. \u00a1Gracias, BetaCoqueta!\u00bb.<\/p>\n","protected":false},"excerpt":{"rendered":"<p>Una aspirante a actriz cansada de hacer castings&#8230; &nbsp; Un artista reconocido en plena crisis creativa&#8230; &nbsp; Unos valiosos cuadros encontrados en un desv\u00e1n&#8230; &nbsp; Y<span class=\"excerpt-hellip\"> [\u2026]<\/span><\/p>\n","protected":false},"featured_media":1045,"comment_status":"closed","ping_status":"closed","template":"","meta":[],"product_brand":[],"product_cat":[25],"product_tag":[],"class_list":{"0":"post-993","1":"product","2":"type-product","3":"status-publish","4":"has-post-thumbnail","6":"product_cat-novelas","8":"first","9":"outofstock","10":"sale","11":"taxable","12":"shipping-taxable","13":"purchasable","14":"product-type-simple"},"_links":{"self":[{"href":"https:\/\/www.mundilibros.cl\/web\/wp-json\/wp\/v2\/product\/993","targetHints":{"allow":["GET"]}}],"collection":[{"href":"https:\/\/www.mundilibros.cl\/web\/wp-json\/wp\/v2\/product"}],"about":[{"href":"https:\/\/www.mundilibros.cl\/web\/wp-json\/wp\/v2\/types\/product"}],"replies":[{"embeddable":true,"href":"https:\/\/www.mundilibros.cl\/web\/wp-json\/wp\/v2\/comments?post=993"}],"wp:featuredmedia":[{"embeddable":true,"href":"https:\/\/www.mundilibros.cl\/web\/wp-json\/wp\/v2\/media\/1045"}],"wp:attachment":[{"href":"https:\/\/www.mundilibros.cl\/web\/wp-json\/wp\/v2\/media?parent=993"}],"wp:term":[{"taxonomy":"product_brand","embeddable":true,"href":"https:\/\/www.mundilibros.cl\/web\/wp-json\/wp\/v2\/product_brand?post=993"},{"taxonomy":"product_cat","embeddable":true,"href":"https:\/\/www.mundilibros.cl\/web\/wp-json\/wp\/v2\/product_cat?post=993"},{"taxonomy":"product_tag","embeddable":true,"href":"https:\/\/www.mundilibros.cl\/web\/wp-json\/wp\/v2\/product_tag?post=993"}],"curies":[{"name":"wp","href":"https:\/\/api.w.org\/{rel}","templated":true}]}}