{"id":997,"date":"2025-11-14T19:11:41","date_gmt":"2025-11-14T19:11:41","guid":{"rendered":"https:\/\/www.mundilibros.cl\/web\/?post_type=product&#038;p=997"},"modified":"2025-11-14T19:13:19","modified_gmt":"2025-11-14T19:13:19","slug":"asesino-de-brujas-2-los-hijos-del-rey","status":"publish","type":"product","link":"https:\/\/www.mundilibros.cl\/web\/producto\/asesino-de-brujas-2-los-hijos-del-rey\/","title":{"rendered":"ASESINO DE BRUJAS 2 LOS HIJOS DEL REY"},"content":{"rendered":"<p>La esperada secuela del \u00e9xito de ventas del New York Times: Asesino de brujas. La bruja blanca.<br \/>\nLos riesgos son mayores. Las brujas son m\u00e1s letales. Y el romance es a\u00fan m\u00e1s intenso. La muy esperada continuaci\u00f3n del \u00e9xito de ventas del New York Times e Indiebound, Asesino de brujas: La bruja blanca, es perfecta para los fans de Sarah J. Maas.<\/p>\n<p>Adonde ella vaya, \u00e9l ir\u00e1.<br \/>\nDonde ella se quede, \u00e9l se quedar\u00e1.<br \/>\nHasta que la muerte los separe.<\/p>\n<p>Lou, Reid, Coco y Ansel huyen no solo del aquelarre, sino tambi\u00e9n del reino y de la Iglesia. Son fugitivos y no tienen donde ocultarse.<br \/>\nPara sobrevivir, necesitan aliados. Y unos muy poderosos. Pero mientras Lou se preocupa cada vez m\u00e1s por salvar a sus seres queridos, se adentra en el lado oscuro de la magia. Y el precio a pagar podr\u00eda ser la persona a la que m\u00e1s teme perder: Reid.<br \/>\nEllos est\u00e1n unidos por un juramento y solo existe una cosa que puede separarlos: la muerte.<\/p>\n<p>Shelby Mahurin nos vuelve a atrapar con una historia cargada de acci\u00f3n, romance, lealtades y traiciones. Una vez que empieces a leer, no podr\u00e1s soltar el libro.<\/p>\n<div class=\"pseudoLabel\">Formato:\u00a013 x 21<\/div>\n<div class=\"pseudoLabel\">P\u00e1ginas:\u00a0512<\/div>\n","protected":false},"excerpt":{"rendered":"<p>La esperada secuela del \u00e9xito de ventas del New York Times: Asesino de brujas. La bruja blanca. Los riesgos son mayores. Las brujas son m\u00e1s letales.<span class=\"excerpt-hellip\"> [\u2026]<\/span><\/p>\n","protected":false},"featured_media":1056,"comment_status":"closed","ping_status":"closed","template":"","meta":[],"product_brand":[],"product_cat":[58],"product_tag":[],"class_list":{"0":"post-997","1":"product","2":"type-product","3":"status-publish","4":"has-post-thumbnail","6":"product_cat-juvenil","8":"first","9":"outofstock","10":"sale","11":"taxable","12":"shipping-taxable","13":"purchasable","14":"product-type-simple"},"_links":{"self":[{"href":"https:\/\/www.mundilibros.cl\/web\/wp-json\/wp\/v2\/product\/997","targetHints":{"allow":["GET"]}}],"collection":[{"href":"https:\/\/www.mundilibros.cl\/web\/wp-json\/wp\/v2\/product"}],"about":[{"href":"https:\/\/www.mundilibros.cl\/web\/wp-json\/wp\/v2\/types\/product"}],"replies":[{"embeddable":true,"href":"https:\/\/www.mundilibros.cl\/web\/wp-json\/wp\/v2\/comments?post=997"}],"wp:featuredmedia":[{"embeddable":true,"href":"https:\/\/www.mundilibros.cl\/web\/wp-json\/wp\/v2\/media\/1056"}],"wp:attachment":[{"href":"https:\/\/www.mundilibros.cl\/web\/wp-json\/wp\/v2\/media?parent=997"}],"wp:term":[{"taxonomy":"product_brand","embeddable":true,"href":"https:\/\/www.mundilibros.cl\/web\/wp-json\/wp\/v2\/product_brand?post=997"},{"taxonomy":"product_cat","embeddable":true,"href":"https:\/\/www.mundilibros.cl\/web\/wp-json\/wp\/v2\/product_cat?post=997"},{"taxonomy":"product_tag","embeddable":true,"href":"https:\/\/www.mundilibros.cl\/web\/wp-json\/wp\/v2\/product_tag?post=997"}],"curies":[{"name":"wp","href":"https:\/\/api.w.org\/{rel}","templated":true}]}}